{"id":1149,"date":"2025-06-28T08:49:44","date_gmt":"2025-06-28T05:49:44","guid":{"rendered":"https:\/\/marketplace.epassi.fi\/yllas-ski-resort-yllasjarvi\/?post_type=product&#038;p=1149"},"modified":"2026-01-01T05:02:04","modified_gmt":"2026-01-01T03:02:04","slug":"bike-park-yksityistunti","status":"publish","type":"product","link":"https:\/\/marketplace.epassi.fi\/yllas-ski-resort-yllasjarvi\/kauppa\/liikuntaedut\/hiihtokeskus\/bike-park-yksityistunti\/","title":{"rendered":"Ski School South yksityistunti"},"content":{"rendered":"<p><strong>ePassilla voi ostaa vain henkil\u00f6kohtaisen opetuksen samalle henkil\u00f6lle, kenen ePassi-rahaa k\u00e4ytet\u00e4\u00e4n. Varauksen tietoihin tallennetaan latausvaiheessa nimi ja selke\u00e4 kasvokuva. V\u00e4\u00e4rink\u00e4ytt\u00f6 johtaa tunnin peruuntumiseen ja maksamiseen muulla maksutavalla!<\/strong><\/p>\n<p>Ostaessaan Hiihtokoulutunnin ePassin Market Placelta, saa asiakas ohjeet tunnin varaamiseen Yll\u00e4ksen verkkokaupasta s\u00e4hk\u00f6postitse kolmen arkip\u00e4iv\u00e4n kuluessa. Hiihtokoulu tuntivarauksen voi suorittaa s\u00e4hk\u00f6postin ohjeiden mukaan talvikauden 2025-2026 aikana, mutta varausta ei tarvitse suorittaa heti s\u00e4hk\u00f6postin saavuttua. Hiihtokoulutuntia varatessa Yll\u00e4ksen verkkokaupassa on oltava erityisen tarkkana tunnin p\u00e4iv\u00e4m\u00e4\u00e4r\u00e4st\u00e4.<\/p>\n<p><em>Kesto 90 min<\/em><\/p>\n<p><em>Yksityistunti tarjoaa sinulle turvallisen, sinun toiveisiin ja tavoitteisiin r\u00e4\u00e4t\u00e4l\u00f6idyn tunnin hiihtokoulussa. Koulutetut opettajat ohjaavat sinua niin alkeissa kuin tekniikan hiomisessa. <\/em><em>T\u00e4m\u00e4 tunti sopii niin aloittelijoille kuin jo edistyneille.<\/em><\/p>\n<p><em>Kursseille osallistumiseen tarvitset tunnille sopivat v\u00e4lineet (sukset tai lauta)\u00a0 Kurssilla edellytet\u00e4\u00e4n kyp\u00e4r\u00e4n k\u00e4ytt\u00f6\u00e4. Hill Ski Rent vuokraamosta l\u00f6yd\u00e4t kaikki kurssilla k\u00e4ytett\u00e4v\u00e4t vuokrav\u00e4lineet.\u00a0<\/em><\/p>\n<p>ePassi-maksuja ei muuteta rahaksi eik\u00e4 hyvitet\u00e4 miss\u00e4\u00e4n tapauksessa. ePassi-maksut eiv\u00e4t ole yhdistett\u00e4viss\u00e4 muihin alennuksiin (esim. perhealennukset).<\/p>\n<p>Yll\u00e4s Ski Resort, Yll\u00e4sj\u00e4rvi<br \/>\nVaeltajantie 2, Yll\u00e4sj\u00e4rvi<br \/>\npuh. 016\u00a0510 3500<br \/>\n<a href=\"mailto:skiresortsouth@yllas.fi\">south@yllasskiresort.fi<\/a><\/p>\n","protected":false},"excerpt":{"rendered":"<p>Nauti liikuntaeduistasi Yll\u00e4s Ski Resort, Yll\u00e4sj\u00e4rvell\u00e4 ja osta hiihtokoulu opetus e-passilla ennakkoon!<\/p>\n","protected":false},"featured_media":1181,"comment_status":"open","ping_status":"closed","template":"","meta":{"_acf_changed":false,"_kad_post_transparent":"default","_kad_post_title":"","_kad_post_layout":"default","_kad_post_sidebar_id":"","_kad_post_content_style":"default","_kad_post_vertical_padding":"default","_kad_post_feature":"","_kad_post_feature_position":"","_kad_post_header":false,"_kad_post_footer":false,"_kad_post_classname":""},"product_brand":[],"product_cat":[24,19],"product_tag":[],"class_list":{"0":"post-1149","1":"product","2":"type-product","3":"status-publish","4":"has-post-thumbnail","6":"product_cat-hiihtokeskus","7":"product_cat-liikuntaedut","9":"first","10":"instock","11":"sold-individually","12":"taxable","13":"shipping-taxable","14":"purchasable","15":"product-type-variable","16":"has-default-attributes","17":"entry","18":"content-bg","19":"loop-entry"},"acf":[],"_links":{"self":[{"href":"https:\/\/marketplace.epassi.fi\/yllas-ski-resort-yllasjarvi\/wp-json\/wp\/v2\/product\/1149","targetHints":{"allow":["GET"]}}],"collection":[{"href":"https:\/\/marketplace.epassi.fi\/yllas-ski-resort-yllasjarvi\/wp-json\/wp\/v2\/product"}],"about":[{"href":"https:\/\/marketplace.epassi.fi\/yllas-ski-resort-yllasjarvi\/wp-json\/wp\/v2\/types\/product"}],"replies":[{"embeddable":true,"href":"https:\/\/marketplace.epassi.fi\/yllas-ski-resort-yllasjarvi\/wp-json\/wp\/v2\/comments?post=1149"}],"wp:featuredmedia":[{"embeddable":true,"href":"https:\/\/marketplace.epassi.fi\/yllas-ski-resort-yllasjarvi\/wp-json\/wp\/v2\/media\/1181"}],"wp:attachment":[{"href":"https:\/\/marketplace.epassi.fi\/yllas-ski-resort-yllasjarvi\/wp-json\/wp\/v2\/media?parent=1149"}],"wp:term":[{"taxonomy":"product_brand","embeddable":true,"href":"https:\/\/marketplace.epassi.fi\/yllas-ski-resort-yllasjarvi\/wp-json\/wp\/v2\/product_brand?post=1149"},{"taxonomy":"product_cat","embeddable":true,"href":"https:\/\/marketplace.epassi.fi\/yllas-ski-resort-yllasjarvi\/wp-json\/wp\/v2\/product_cat?post=1149"},{"taxonomy":"product_tag","embeddable":true,"href":"https:\/\/marketplace.epassi.fi\/yllas-ski-resort-yllasjarvi\/wp-json\/wp\/v2\/product_tag?post=1149"}],"curies":[{"name":"wp","href":"https:\/\/api.w.org\/{rel}","templated":true}]}}