{"id":689,"date":"2024-09-27T12:39:22","date_gmt":"2024-09-27T09:39:22","guid":{"rendered":"https:\/\/marketplace.epassi.fi\/yllas-ski-resort-yllasjarvi\/?post_type=product&#038;p=689"},"modified":"2026-01-08T13:54:02","modified_gmt":"2026-01-08T11:54:02","slug":"hissilippu-talvi-2024-2025","status":"publish","type":"product","link":"https:\/\/marketplace.epassi.fi\/yllas-ski-resort-yllasjarvi\/kauppa\/liikuntaedut\/hiihtokeskus\/hissilippu-talvi-2024-2025\/","title":{"rendered":"Hissilippu talvi 2025-2026"},"content":{"rendered":"<p><strong>ePassilla voi ostaa vain henkil\u00f6kohtaisia lippuja samalle henkil\u00f6lle, kenen ePassi-rahaa k\u00e4ytet\u00e4\u00e4n. Hissilipun tietoihin tallennetaan latausvaiheessa nimi ja selke\u00e4 kasvokuva. Lipun v\u00e4\u00e4rink\u00e4ytt\u00f6 johtaa lipun takavarikointiin!<\/strong><\/p>\n<p>Ostaessaan hissilipun ePassin Market Placelta, saa asiakas ohjeet hissilipun lataamiseen Yll\u00e4ksen verkkokaupasta s\u00e4hk\u00f6postitse kolmen arkip\u00e4iv\u00e4n kuluessa. Hissilipun voi ladata omalle keycardille, jonka sarjanumero alkaa 01- ja 30-. Vaihtoehtoisesti keycardin voi latausvaiheessa lunastaa itselleen verkkokaupasta verkkokaupan maksutavoilla hintaan 8 \u20ac.<\/p>\n<p>Hissilipun voi ladata s\u00e4hk\u00f6postin ohjeiden mukaan kauden 2025-2026 aikana, mutta latausta ei tarvitse suorittaa heti s\u00e4hk\u00f6postin saavuttua. Hissilippua ladatessa Yll\u00e4ksen verkkokaupassa on oltava erityisen tarkkana lipun voimassaolon alkup\u00e4iv\u00e4m\u00e4\u00e4r\u00e4st\u00e4.<\/p>\n<p>ePassi-maksuja ei muuteta rahaksi eik\u00e4 hyvitet\u00e4 miss\u00e4\u00e4n tapauksessa. ePassi-maksut eiv\u00e4t ole yhdistett\u00e4viss\u00e4 muihin alennuksiin (esim. perhealennukset).<\/p>\n<p><strong>HUOM! ePassi Market Placen kautta ei voi ostaa lippuja samalle p\u00e4iv\u00e4lle. Jos olet ostamassa lippuja kuluvalle p\u00e4iv\u00e4lle \/ l\u00e4hip\u00e4iv\u00e4lle, mene k\u00e4ytt\u00f6paikan lipunmyyntiin ja etsi kassalla ollessasi mobiililaitteestasi oikea k\u00e4ytt\u00f6paikka (Yll\u00e4s Ski Resort, Yll\u00e4sj\u00e4rvi) ePassin k\u00e4ytt\u00f6paikkahaulla.<\/strong><\/p>\n<p>Yll\u00e4s Ski Resort, Yll\u00e4sj\u00e4rvi<br \/>\nVaeltajantie 2, Yll\u00e4sj\u00e4rvi<br \/>\npuh. 016\u00a0510 3500<br \/>\n<a href=\"mailto:skiresortsouth@yllas.fi\">south@yllasskiresort.fi<\/a><\/p>\n","protected":false},"excerpt":{"rendered":"<p>Nauti liikuntaeduistasi rinteess\u00e4 ja osta hissilippusi e-passilla ennakkoon!<\/p>\n","protected":false},"featured_media":355,"comment_status":"open","ping_status":"closed","template":"","meta":{"_acf_changed":false,"_kad_post_transparent":"default","_kad_post_title":"","_kad_post_layout":"default","_kad_post_sidebar_id":"","_kad_post_content_style":"default","_kad_post_vertical_padding":"default","_kad_post_feature":"","_kad_post_feature_position":"","_kad_post_header":false,"_kad_post_footer":false,"_kad_post_classname":""},"product_brand":[],"product_cat":[24,19],"product_tag":[],"class_list":{"0":"post-689","1":"product","2":"type-product","3":"status-publish","4":"has-post-thumbnail","6":"product_cat-hiihtokeskus","7":"product_cat-liikuntaedut","9":"first","10":"instock","11":"taxable","12":"shipping-taxable","13":"purchasable","14":"product-type-variable","15":"entry","16":"content-bg","17":"loop-entry"},"acf":[],"_links":{"self":[{"href":"https:\/\/marketplace.epassi.fi\/yllas-ski-resort-yllasjarvi\/wp-json\/wp\/v2\/product\/689","targetHints":{"allow":["GET"]}}],"collection":[{"href":"https:\/\/marketplace.epassi.fi\/yllas-ski-resort-yllasjarvi\/wp-json\/wp\/v2\/product"}],"about":[{"href":"https:\/\/marketplace.epassi.fi\/yllas-ski-resort-yllasjarvi\/wp-json\/wp\/v2\/types\/product"}],"replies":[{"embeddable":true,"href":"https:\/\/marketplace.epassi.fi\/yllas-ski-resort-yllasjarvi\/wp-json\/wp\/v2\/comments?post=689"}],"wp:featuredmedia":[{"embeddable":true,"href":"https:\/\/marketplace.epassi.fi\/yllas-ski-resort-yllasjarvi\/wp-json\/wp\/v2\/media\/355"}],"wp:attachment":[{"href":"https:\/\/marketplace.epassi.fi\/yllas-ski-resort-yllasjarvi\/wp-json\/wp\/v2\/media?parent=689"}],"wp:term":[{"taxonomy":"product_brand","embeddable":true,"href":"https:\/\/marketplace.epassi.fi\/yllas-ski-resort-yllasjarvi\/wp-json\/wp\/v2\/product_brand?post=689"},{"taxonomy":"product_cat","embeddable":true,"href":"https:\/\/marketplace.epassi.fi\/yllas-ski-resort-yllasjarvi\/wp-json\/wp\/v2\/product_cat?post=689"},{"taxonomy":"product_tag","embeddable":true,"href":"https:\/\/marketplace.epassi.fi\/yllas-ski-resort-yllasjarvi\/wp-json\/wp\/v2\/product_tag?post=689"}],"curies":[{"name":"wp","href":"https:\/\/api.w.org\/{rel}","templated":true}]}}