{"id":22,"date":"2021-09-13T17:45:59","date_gmt":"2021-09-13T17:45:59","guid":{"rendered":"https:\/\/marketplace.epassi.fi\/yogahel\/?page_id=22"},"modified":"2021-10-12T10:57:35","modified_gmt":"2021-10-12T10:57:35","slug":"info","status":"publish","type":"page","link":"https:\/\/marketplace.epassi.fi\/yogahel\/info\/","title":{"rendered":"Info"},"content":{"rendered":"\n\t<div class=\"entry-content single-content\">\n\n\t\t<div class=\"wp-block-columns\" style=\"gap:30px\">\n\t\t\t<div class=\"wp-block-column\">\n\t\t\t\t<h2>Yoga HEL<\/h2>\n\t\t\t\t<p><p>Hot Jooga ja Pilates Helsingiss\u00e4<\/p>\n<p>Jooga sopii kaikille \u2013 voit tulla meille tunneille juuri sellaisena kuin t\u00e4n\u00e4\u00e4n olet. Fyysisell\u00e4 joogaharjoituksella voi rakentaa voimaa ja liikkuvuutta. S\u00e4\u00e4nn\u00f6llinen joogaharjoitus voi olla my\u00f6s jatkuva ilon ja tasapainon l\u00e4hde. Hot jooga tunteja on sek\u00e4 perinteisen\u00e4 Original Hot -sarjana ett\u00e4 erilaisina variaatioina ja laajempina tunteina aina kahden tunnin 84 Asanan sarjaan asti. Aikataulusta l\u00f6ytyy pilatesta, yin-ja vinyasa tunteja sek\u00e4 hengitys- ja meditaatiohetki\u00e4 joista voit rakentaa oman harjoituksesi.<\/p>\n<p>Meill\u00e4 on tunteja joogan alkeisperiaatteista alkaen. Koulu aukeaa arkisin heti aamusta joten ehdit harjoitella halutessasi my\u00f6s ennen t\u00f6it\u00e4. Tunnit opetetaan joko suomeksi, englanniksi tai suomeksi ja englanniksi riippuen osallistujista. Koulu sijaitsee Helsingin Hakaniemess\u00e4, Lyyran talossa, suoraan metrotunnelin p\u00e4\u00e4ll\u00e4.<\/p>\n<p>Koulusta lis\u00e4\u00e4 sivuillamme www.yogahel.com<br \/>\nKaikelaista kysytt\u00e4v\u00e4\u00e4 voi l\u00e4hett\u00e4\u00e4 s\u00e4hk\u00f6postitse: info@yogahel.com<br \/>\nInstagram @yoga.hel<\/p>\n<\/p>\n\t\t\t\t<h3>Yoga HEL<\/h3>\n\t\t\t\t<p>Porthaninkatu 2<br>\n\t\t\t\t\t00530 Helsinki<\/p>\n\t\t\t\t<p><a href=\"tel:+358 44 7033662\">+358 44 7033662<\/a><\/p>\n\t\t\t\t<p><a href=\"mailto:info@yogahel.com\">info@yogahel.com<\/a><\/p>\n\n\t\t\t\t<h2>Toimipisteet<\/h2><div class=\"info-page-location-list\"><div class=\"info-page-location\"><h3>Yoga HEL<\/h3><p>Porthaninkatu 2, 00530 Helsinki<\/p><p><a href=\"mail:info@yogahel.com\">info@yogahel.com<\/a><p><a href=\"https:\/\/www.google.com\/maps\/search\/?api=1&query=Google&query_place_id=ChIJATVpINULkkYRHge4FCjNFtE\">Katso sijainti kartalla <span>&#8599;<\/span><\/a><\/p><\/p><p>Hotjoogakoulu Helsingin Hakaniemess\u00e4. Tunteja kaikentasoisille joogeille.<\/p><\/div><\/div>\t\t\t<\/div>\n\n\t\t\t<div class=\"wp-block-column\">\n\t\t\t\t<figure class=\"wp-block-image size-large\"><img loading=\"lazy\" decoding=\"async\" width=\"768\" height=\"768\" src=\"https:\/\/marketplace.epassi.fi\/yogahel\/wp-content\/uploads\/sites\/437\/2025\/11\/studio2-768x768.jpg\" class=\"attachment-medium_large size-medium_large\" alt=\"\" \/><\/figure>\n\t\t\t<\/div>\n\t\t<\/div>\n\t<\/div>\n\t\n","protected":false},"excerpt":{"rendered":"","protected":false},"author":2,"featured_media":0,"parent":0,"menu_order":0,"comment_status":"closed","ping_status":"closed","template":"","meta":{"_acf_changed":false,"_kad_post_transparent":"","_kad_post_title":"","_kad_post_layout":"","_kad_post_sidebar_id":"","_kad_post_content_style":"","_kad_post_vertical_padding":"","_kad_post_feature":"","_kad_post_feature_position":"","_kad_post_header":false,"_kad_post_footer":false,"_kad_post_classname":"","footnotes":""},"class_list":["post-22","page","type-page","status-publish","hentry"],"acf":[],"_links":{"self":[{"href":"https:\/\/marketplace.epassi.fi\/yogahel\/wp-json\/wp\/v2\/pages\/22","targetHints":{"allow":["GET"]}}],"collection":[{"href":"https:\/\/marketplace.epassi.fi\/yogahel\/wp-json\/wp\/v2\/pages"}],"about":[{"href":"https:\/\/marketplace.epassi.fi\/yogahel\/wp-json\/wp\/v2\/types\/page"}],"author":[{"embeddable":true,"href":"https:\/\/marketplace.epassi.fi\/yogahel\/wp-json\/wp\/v2\/users\/2"}],"replies":[{"embeddable":true,"href":"https:\/\/marketplace.epassi.fi\/yogahel\/wp-json\/wp\/v2\/comments?post=22"}],"version-history":[{"count":10,"href":"https:\/\/marketplace.epassi.fi\/yogahel\/wp-json\/wp\/v2\/pages\/22\/revisions"}],"predecessor-version":[{"id":264,"href":"https:\/\/marketplace.epassi.fi\/yogahel\/wp-json\/wp\/v2\/pages\/22\/revisions\/264"}],"wp:attachment":[{"href":"https:\/\/marketplace.epassi.fi\/yogahel\/wp-json\/wp\/v2\/media?parent=22"}],"curies":[{"name":"wp","href":"https:\/\/api.w.org\/{rel}","templated":true}]}}