{"id":273,"date":"2021-10-16T11:12:03","date_gmt":"2021-10-16T11:12:03","guid":{"rendered":"https:\/\/marketplace.epassi.fi\/yogahel\/?post_type=product&#038;p=273"},"modified":"2026-01-01T05:02:08","modified_gmt":"2026-01-01T03:02:08","slug":"yksi-kuukausi","status":"publish","type":"product","link":"https:\/\/marketplace.epassi.fi\/yogahel\/kauppa\/liikuntaedut\/jooga\/yksi-kuukausi\/","title":{"rendered":"Yksi kuukausi"},"content":{"rendered":"<p>Yhden kuukauden rajaton joogaharjoitus. Voit k\u00e4yd\u00e4n niin paljon kuin ehdit kalenterikuukauden aikana. Ty\u00f6pajat ja tapahtumat eiv\u00e4t sis\u00e4lly kortin hintaan. Aloitusp\u00e4iv\u00e4n voi p\u00e4\u00e4tt\u00e4\u00e4 itse. Korttia ei voi pys\u00e4ytt\u00e4\u00e4 esim loman ajaksi, paitsi tietenkin sairastapauksissa l\u00e4\u00e4k\u00e4rintodistuksella.<\/p>\n","protected":false},"excerpt":{"rendered":"<p>Niin paljon jooga kuin yhden kuukauden aikana ehdit.<\/p>\n","protected":false},"featured_media":340,"comment_status":"open","ping_status":"closed","template":"","meta":{"_acf_changed":false,"_kad_post_transparent":"default","_kad_post_title":"","_kad_post_layout":"default","_kad_post_sidebar_id":"","_kad_post_content_style":"default","_kad_post_vertical_padding":"default","_kad_post_feature":"","_kad_post_feature_position":"","_kad_post_header":false,"_kad_post_footer":false,"_kad_post_classname":""},"product_brand":[],"product_cat":[25,19],"product_tag":[],"class_list":{"0":"post-273","1":"product","2":"type-product","3":"status-publish","4":"has-post-thumbnail","6":"product_cat-jooga","7":"product_cat-liikuntaedut","9":"first","10":"instock","11":"virtual","12":"taxable","13":"purchasable","14":"product-type-simple","15":"entry","16":"content-bg","17":"loop-entry"},"acf":[],"_links":{"self":[{"href":"https:\/\/marketplace.epassi.fi\/yogahel\/wp-json\/wp\/v2\/product\/273","targetHints":{"allow":["GET"]}}],"collection":[{"href":"https:\/\/marketplace.epassi.fi\/yogahel\/wp-json\/wp\/v2\/product"}],"about":[{"href":"https:\/\/marketplace.epassi.fi\/yogahel\/wp-json\/wp\/v2\/types\/product"}],"replies":[{"embeddable":true,"href":"https:\/\/marketplace.epassi.fi\/yogahel\/wp-json\/wp\/v2\/comments?post=273"}],"wp:featuredmedia":[{"embeddable":true,"href":"https:\/\/marketplace.epassi.fi\/yogahel\/wp-json\/wp\/v2\/media\/340"}],"wp:attachment":[{"href":"https:\/\/marketplace.epassi.fi\/yogahel\/wp-json\/wp\/v2\/media?parent=273"}],"wp:term":[{"taxonomy":"product_brand","embeddable":true,"href":"https:\/\/marketplace.epassi.fi\/yogahel\/wp-json\/wp\/v2\/product_brand?post=273"},{"taxonomy":"product_cat","embeddable":true,"href":"https:\/\/marketplace.epassi.fi\/yogahel\/wp-json\/wp\/v2\/product_cat?post=273"},{"taxonomy":"product_tag","embeddable":true,"href":"https:\/\/marketplace.epassi.fi\/yogahel\/wp-json\/wp\/v2\/product_tag?post=273"}],"curies":[{"name":"wp","href":"https:\/\/api.w.org\/{rel}","templated":true}]}}