{"id":274,"date":"2021-10-16T11:14:50","date_gmt":"2021-10-16T11:14:50","guid":{"rendered":"https:\/\/marketplace.epassi.fi\/yogahel\/?post_type=product&#038;p=274"},"modified":"2026-01-01T05:02:08","modified_gmt":"2026-01-01T03:02:08","slug":"1-viikko","status":"publish","type":"product","link":"https:\/\/marketplace.epassi.fi\/yogahel\/kauppa\/liikuntaedut\/jooga\/1-viikko\/","title":{"rendered":"Yksi viikko"},"content":{"rendered":"<p>Yhden viikon rajaton harjoitus. Voit k\u00e4yd\u00e4 niin monella tunnilla kuin haluat 7 p\u00e4iv\u00e4n ajan. Ty\u00f6pajat ja tapahtumat eiv\u00e4t sis\u00e4lly kortin hintaan. Aloitusp\u00e4iv\u00e4n voi p\u00e4\u00e4tt\u00e4\u00e4 itse. Korttia ei voi pys\u00e4ytt\u00e4\u00e4 esim loman ajaksi, paitsi tietenkin sairastapauksissa l\u00e4\u00e4k\u00e4rintodistuksella.<\/p>\n","protected":false},"excerpt":{"rendered":"<p>Viikon jooga, k\u00e4y niin paljon kuin haluat.<\/p>\n","protected":false},"featured_media":337,"comment_status":"open","ping_status":"closed","template":"","meta":{"_acf_changed":false,"_kad_post_transparent":"default","_kad_post_title":"","_kad_post_layout":"default","_kad_post_sidebar_id":"","_kad_post_content_style":"default","_kad_post_vertical_padding":"default","_kad_post_feature":"","_kad_post_feature_position":"","_kad_post_header":false,"_kad_post_footer":false,"_kad_post_classname":""},"product_brand":[],"product_cat":[25,19],"product_tag":[],"class_list":{"0":"post-274","1":"product","2":"type-product","3":"status-publish","4":"has-post-thumbnail","6":"product_cat-jooga","7":"product_cat-liikuntaedut","9":"first","10":"instock","11":"virtual","12":"taxable","13":"purchasable","14":"product-type-simple","15":"entry","16":"content-bg","17":"loop-entry"},"acf":[],"_links":{"self":[{"href":"https:\/\/marketplace.epassi.fi\/yogahel\/wp-json\/wp\/v2\/product\/274","targetHints":{"allow":["GET"]}}],"collection":[{"href":"https:\/\/marketplace.epassi.fi\/yogahel\/wp-json\/wp\/v2\/product"}],"about":[{"href":"https:\/\/marketplace.epassi.fi\/yogahel\/wp-json\/wp\/v2\/types\/product"}],"replies":[{"embeddable":true,"href":"https:\/\/marketplace.epassi.fi\/yogahel\/wp-json\/wp\/v2\/comments?post=274"}],"wp:featuredmedia":[{"embeddable":true,"href":"https:\/\/marketplace.epassi.fi\/yogahel\/wp-json\/wp\/v2\/media\/337"}],"wp:attachment":[{"href":"https:\/\/marketplace.epassi.fi\/yogahel\/wp-json\/wp\/v2\/media?parent=274"}],"wp:term":[{"taxonomy":"product_brand","embeddable":true,"href":"https:\/\/marketplace.epassi.fi\/yogahel\/wp-json\/wp\/v2\/product_brand?post=274"},{"taxonomy":"product_cat","embeddable":true,"href":"https:\/\/marketplace.epassi.fi\/yogahel\/wp-json\/wp\/v2\/product_cat?post=274"},{"taxonomy":"product_tag","embeddable":true,"href":"https:\/\/marketplace.epassi.fi\/yogahel\/wp-json\/wp\/v2\/product_tag?post=274"}],"curies":[{"name":"wp","href":"https:\/\/api.w.org\/{rel}","templated":true}]}}