{"id":282,"date":"2025-11-04T14:01:18","date_gmt":"2025-11-04T12:01:18","guid":{"rendered":"https:\/\/marketplace.epassi.fi\/yogahel\/?post_type=product&#038;p=282"},"modified":"2026-01-11T18:50:27","modified_gmt":"2026-01-11T16:50:27","slug":"joogasaldoa","status":"publish","type":"product","link":"https:\/\/marketplace.epassi.fi\/yogahel\/kauppa\/liikuntaedut\/jooga\/joogasaldoa\/","title":{"rendered":"Joogasaldoa"},"content":{"rendered":"<p>Voit ladata meille valmiiksi joogasaldoa haluamasi summan ja p\u00e4\u00e4tt\u00e4\u00e4 vasta koululla mink\u00e4laiseen korttiin tai j\u00e4senyyteen sen k\u00e4yt\u00e4t. Saldon voi k\u00e4ytt\u00e4\u00e4 ainoastaan joogakortteihin ja harjoitteluun eli sill\u00e4 ei voi ostaa esimerkiksi kaupan tuotteita.<\/p>\n","protected":false},"excerpt":{"rendered":"<p>Lataa saldoa varaustilillesi ja p\u00e4\u00e4t\u00e4 my\u00f6hemmin mink\u00e4laisen kortin tai j\u00e4senyyden otat.<\/p>\n","protected":false},"featured_media":335,"comment_status":"closed","ping_status":"closed","template":"","meta":{"_acf_changed":false,"_kad_post_transparent":"default","_kad_post_title":"","_kad_post_layout":"default","_kad_post_sidebar_id":"","_kad_post_content_style":"default","_kad_post_vertical_padding":"default","_kad_post_feature":"","_kad_post_feature_position":"","_kad_post_header":false,"_kad_post_footer":false,"_kad_post_classname":""},"product_brand":[],"product_cat":[25,19],"product_tag":[],"class_list":{"0":"post-282","1":"product","2":"type-product","3":"status-publish","4":"has-post-thumbnail","6":"product_cat-jooga","7":"product_cat-liikuntaedut","9":"first","10":"instock","11":"taxable","12":"shipping-taxable","13":"purchasable","14":"product-type-variable","15":"has-default-attributes","16":"entry","17":"content-bg","18":"loop-entry"},"acf":[],"_links":{"self":[{"href":"https:\/\/marketplace.epassi.fi\/yogahel\/wp-json\/wp\/v2\/product\/282","targetHints":{"allow":["GET"]}}],"collection":[{"href":"https:\/\/marketplace.epassi.fi\/yogahel\/wp-json\/wp\/v2\/product"}],"about":[{"href":"https:\/\/marketplace.epassi.fi\/yogahel\/wp-json\/wp\/v2\/types\/product"}],"replies":[{"embeddable":true,"href":"https:\/\/marketplace.epassi.fi\/yogahel\/wp-json\/wp\/v2\/comments?post=282"}],"wp:featuredmedia":[{"embeddable":true,"href":"https:\/\/marketplace.epassi.fi\/yogahel\/wp-json\/wp\/v2\/media\/335"}],"wp:attachment":[{"href":"https:\/\/marketplace.epassi.fi\/yogahel\/wp-json\/wp\/v2\/media?parent=282"}],"wp:term":[{"taxonomy":"product_brand","embeddable":true,"href":"https:\/\/marketplace.epassi.fi\/yogahel\/wp-json\/wp\/v2\/product_brand?post=282"},{"taxonomy":"product_cat","embeddable":true,"href":"https:\/\/marketplace.epassi.fi\/yogahel\/wp-json\/wp\/v2\/product_cat?post=282"},{"taxonomy":"product_tag","embeddable":true,"href":"https:\/\/marketplace.epassi.fi\/yogahel\/wp-json\/wp\/v2\/product_tag?post=282"}],"curies":[{"name":"wp","href":"https:\/\/api.w.org\/{rel}","templated":true}]}}