{"id":67,"date":"2021-09-13T18:36:17","date_gmt":"2021-09-13T18:36:17","guid":{"rendered":"https:\/\/marketplace.epassi.fi\/yogahel\/?post_type=product&#038;p=67"},"modified":"2026-01-11T18:54:27","modified_gmt":"2026-01-11T16:54:27","slug":"yksityistunti","status":"publish","type":"product","link":"https:\/\/marketplace.epassi.fi\/yogahel\/kauppa\/liikuntaedut\/jooga\/yksityistunti\/","title":{"rendered":"Kuukausij\u00e4senyys 3kk"},"content":{"rendered":"<p>Voit maksaa meille liikuntaeduilla etuk\u00e4teen minimisopimuksen verran kuukausimaksuja. Kuukausimaksu on 120\u20ac kuussa joten 3kk ajalta se on 360\u20ac. Jos aloitat j\u00e4senyyden ennen 1.2.2026, saat kuudennen sopimuskuukauden ilmaiseksi jos jatkat j\u00e4senyytt\u00e4 siihen saakka. Voit my\u00f6s lis\u00e4t\u00e4 j\u00e4senyyteen mattos\u00e4ilytyksen (10\u20ac kuussa) tai matot ja pyyhkeet meilt\u00e4 kaikille tunneille (30\u20ac kuussa).<\/p>\n","protected":false},"excerpt":{"rendered":"<p>3kk kuukausij\u00e4senyys perusmaksu (120\u20ac\/kk)<\/p>\n","protected":false},"featured_media":342,"comment_status":"open","ping_status":"closed","template":"","meta":{"_acf_changed":false,"_kad_post_transparent":"default","_kad_post_title":"","_kad_post_layout":"default","_kad_post_sidebar_id":"","_kad_post_content_style":"default","_kad_post_vertical_padding":"default","_kad_post_feature":"","_kad_post_feature_position":"","_kad_post_header":false,"_kad_post_footer":false,"_kad_post_classname":""},"product_brand":[],"product_cat":[25,19],"product_tag":[],"class_list":{"0":"post-67","1":"product","2":"type-product","3":"status-publish","4":"has-post-thumbnail","6":"product_cat-jooga","7":"product_cat-liikuntaedut","9":"first","10":"instock","11":"virtual","12":"taxable","13":"purchasable","14":"product-type-simple","15":"entry","16":"content-bg","17":"loop-entry"},"acf":[],"_links":{"self":[{"href":"https:\/\/marketplace.epassi.fi\/yogahel\/wp-json\/wp\/v2\/product\/67","targetHints":{"allow":["GET"]}}],"collection":[{"href":"https:\/\/marketplace.epassi.fi\/yogahel\/wp-json\/wp\/v2\/product"}],"about":[{"href":"https:\/\/marketplace.epassi.fi\/yogahel\/wp-json\/wp\/v2\/types\/product"}],"replies":[{"embeddable":true,"href":"https:\/\/marketplace.epassi.fi\/yogahel\/wp-json\/wp\/v2\/comments?post=67"}],"wp:featuredmedia":[{"embeddable":true,"href":"https:\/\/marketplace.epassi.fi\/yogahel\/wp-json\/wp\/v2\/media\/342"}],"wp:attachment":[{"href":"https:\/\/marketplace.epassi.fi\/yogahel\/wp-json\/wp\/v2\/media?parent=67"}],"wp:term":[{"taxonomy":"product_brand","embeddable":true,"href":"https:\/\/marketplace.epassi.fi\/yogahel\/wp-json\/wp\/v2\/product_brand?post=67"},{"taxonomy":"product_cat","embeddable":true,"href":"https:\/\/marketplace.epassi.fi\/yogahel\/wp-json\/wp\/v2\/product_cat?post=67"},{"taxonomy":"product_tag","embeddable":true,"href":"https:\/\/marketplace.epassi.fi\/yogahel\/wp-json\/wp\/v2\/product_tag?post=67"}],"curies":[{"name":"wp","href":"https:\/\/api.w.org\/{rel}","templated":true}]}}