{"id":289,"date":"2021-10-20T17:08:34","date_gmt":"2021-10-20T14:08:34","guid":{"rendered":"https:\/\/marketplace.epassi.fi\/yogaia\/?post_type=product&#038;p=289"},"modified":"2025-05-22T00:06:18","modified_gmt":"2025-05-21T21:06:18","slug":"6-kk-tilaus","status":"publish","type":"product","link":"https:\/\/marketplace.epassi.fi\/yogaia\/kauppa\/liikuntaedut\/jooga\/6-kk-tilaus\/","title":{"rendered":"6 kk tilaus &#8211; Yogaia kotitreenit:  yin jooga, venyttely, kahvakuulatreeni, jooga, meditaatio, syv\u00e4rentoutus&#8230;"},"content":{"rendered":"<h2 class=\"Title_root__9WitC FeaturesSectionLayout_title__tvm4t\">Joogaa, treenaa ja rentoudu miss\u00e4 vain, milloin vain, mill\u00e4 tahansa laitteella<\/h2>\n<ul class=\"FeaturesSectionLayout_list__Q6vQg\">\n<li style=\"list-style-type: none\">\n<ul class=\"FeaturesSectionLayout_list__Q6vQg\">\n<li class=\"FeaturesSectionLayout_list-item__niWBu\">Joka p\u00e4iv\u00e4 uusia erityyppisi\u00e4 tunteja suomeksi ja englanniksi &#8211; liven\u00e4 ja tallenteena<\/li>\n<li class=\"FeaturesSectionLayout_list-item__niWBu\">Vinkkej\u00e4 ja opastusta liikunnan-ja hyvinvoinnin ammattilaisilta.<\/li>\n<li class=\"FeaturesSectionLayout_list-item__niWBu\">Rajoittamaton p\u00e4\u00e4sy kaikille tunneille.<\/li>\n<\/ul>\n<\/li>\n<\/ul>\n<h2>Yli 3 000 kotitreeni\u00e4 k\u00e4yt\u00f6ss\u00e4si<\/h2>\n<p>Uusia online tunteja joka p\u00e4iv\u00e4 \u2013 joogaa, jumppaa ja mielen hyvinvointia. Lis\u00e4\u00e4 voimaa, liikkuvuutta tai mielen hyvinvointia Yogaian ohjatuilla tunneilla \u2013 aina sopiva tunti oikeaan aikaan liven\u00e4 tai tallenteina!<\/p>\n<p>Esimerkkitunteista:<\/p>\n<ul>\n<li>5 minuutin taukojumpat<\/li>\n<li>20 minuutin syv\u00e4rentoutukset<\/li>\n<li>10 minuutin HIIT-treenit<\/li>\n<li>10-60 minuutin joogat<\/li>\n<\/ul>\n<h2>K\u00e4ytt\u00f6\u00f6notto<\/h2>\n<p>Kun olet suorittanut maksun, ilmoitathan meille my\u00f6s s\u00e4hk\u00f6postiosoitteesi, jolla olet kirjautunut Yogaiaan, jotta voimme aktivoida j\u00e4senyytesi. Jos sinulla ei ole tunnuksia Yogaiaan niin voit luoda tunnukset https:\/\/fi.yogaia.com (\u00e4l\u00e4 sy\u00f6t\u00e4 luottokorttitietojasi jos haluat maksaa liikuntaedulla).<\/p>\n<h2>Todellisia tuloksia, todellista vaikutusta: Yogaia numeroina<\/h2>\n<p>Jo vuodesta 2013 olemme auttaneet ihmisi\u00e4 l\u00f6yt\u00e4m\u00e4\u00e4n tasapainoa ja energiaa.<\/p>\n<ul>\n<li>500.000+ j\u00e4sent\u00e4 ymp\u00e4ri maailman<\/li>\n<li>95% kokee positiivisia muutoksia arjessa<\/li>\n<li>271 milj. tuntia harjoiteltu<\/li>\n<\/ul>\n","protected":false},"excerpt":{"rendered":"<h2 class=\"Headline_root__ZWBnI FeaturesSectionPricing_title__Wn8Zr\">Nappaa 6 kk j\u00e4senyys \u2013 tarjous ePassi k\u00e4ytt\u00e4jille<\/h2>\n<p class=\"Subtitle_root__9OpgU FeaturesSectionPricing_pre-description__VS_M0\" style=\"text-align: left\">Saat p\u00e4\u00e4syn Yogaian tuhansiin fitness-, kehonhuolto-, jooga- ja rentoutusharjoituksiin \u2013 aina uutta sis\u00e4lt\u00f6\u00e4!<\/p>\n<p class=\"shop-content has-text-align-center max-width-800\" style=\"text-align: left\">Kun olet suorittanut maksun, ilmoitathan meille my\u00f6s s\u00e4hk\u00f6postiosoitteesi, jolla olet kirjautunut Yogaiaan, jotta voimme aktivoida j\u00e4senyytesi. Jos sinulla ei ole tunnuksia Yogaiaan niin voit luoda tunnukset https:\/\/fi.yogaia.com (\u00e4l\u00e4 sy\u00f6t\u00e4 luottokorttitietojasi jos haluat maksaa liikuntaedulla).<\/p>\n","protected":false},"featured_media":603,"comment_status":"open","ping_status":"closed","template":"","meta":{"_acf_changed":false,"_kad_post_transparent":"default","_kad_post_title":"","_kad_post_layout":"default","_kad_post_sidebar_id":"","_kad_post_content_style":"default","_kad_post_vertical_padding":"default","_kad_post_feature":"","_kad_post_feature_position":"","_kad_post_header":false,"_kad_post_footer":false,"_kad_post_classname":""},"product_brand":[],"product_cat":[25,19],"product_tag":[],"class_list":{"0":"post-289","1":"product","2":"type-product","3":"status-publish","4":"has-post-thumbnail","6":"product_cat-jooga","7":"product_cat-liikuntaedut","9":"first","10":"instock","11":"virtual","12":"taxable","13":"purchasable","14":"product-type-simple","15":"entry","16":"content-bg","17":"loop-entry"},"acf":[],"_links":{"self":[{"href":"https:\/\/marketplace.epassi.fi\/yogaia\/wp-json\/wp\/v2\/product\/289","targetHints":{"allow":["GET"]}}],"collection":[{"href":"https:\/\/marketplace.epassi.fi\/yogaia\/wp-json\/wp\/v2\/product"}],"about":[{"href":"https:\/\/marketplace.epassi.fi\/yogaia\/wp-json\/wp\/v2\/types\/product"}],"replies":[{"embeddable":true,"href":"https:\/\/marketplace.epassi.fi\/yogaia\/wp-json\/wp\/v2\/comments?post=289"}],"wp:featuredmedia":[{"embeddable":true,"href":"https:\/\/marketplace.epassi.fi\/yogaia\/wp-json\/wp\/v2\/media\/603"}],"wp:attachment":[{"href":"https:\/\/marketplace.epassi.fi\/yogaia\/wp-json\/wp\/v2\/media?parent=289"}],"wp:term":[{"taxonomy":"product_brand","embeddable":true,"href":"https:\/\/marketplace.epassi.fi\/yogaia\/wp-json\/wp\/v2\/product_brand?post=289"},{"taxonomy":"product_cat","embeddable":true,"href":"https:\/\/marketplace.epassi.fi\/yogaia\/wp-json\/wp\/v2\/product_cat?post=289"},{"taxonomy":"product_tag","embeddable":true,"href":"https:\/\/marketplace.epassi.fi\/yogaia\/wp-json\/wp\/v2\/product_tag?post=289"}],"curies":[{"name":"wp","href":"https:\/\/api.w.org\/{rel}","templated":true}]}}